{"id":2460,"date":"2021-07-26T21:03:26","date_gmt":"2021-07-26T19:03:26","guid":{"rendered":"https:\/\/qualo.info\/cookies-policy\/"},"modified":"2021-07-26T21:03:27","modified_gmt":"2021-07-26T19:03:27","slug":"cookies-policy","status":"publish","type":"page","link":"https:\/\/qualo.info\/en\/cookies-policy\/","title":{"rendered":"Cookies policy"},"content":{"rendered":"\n<p><strong>INFORMACI\u00d3N SOBRE\u00a0<em>COOKIES<\/em><\/strong><\/p>\n\n<p>Las\u00a0<em>cookies\u00a0<\/em>y otras tecnolog\u00edas similares tales como local shared objects, flash\u00a0<em>cookies\u00a0<\/em>o p\u00edxeles, son herramientas empleadas por los servidores Web para almacenar y recuperar informaci\u00f3n acerca de sus visitantes, as\u00ed como para ofrecer un correcto funcionamiento del sitio.<\/p>\n\n<p>Mediante el uso de estos dispositivos se permite al servidor Web recordar algunos datos concernientes al usuario, como sus preferencias \u00a0para la visualizaci\u00f3n \u00a0de las p\u00e1ginas de ese servidor, nombre y contrase\u00f1a, \u00a0productos \u00a0que m\u00e1s le interesan, etc.<\/p>\n\n<p><strong><em>COOKIES\u00a0<\/em><\/strong><strong>AFECTADAS POR LA NORMATIVA Y\u00a0<em>COOKIES\u00a0<\/em>EXCEPTUADAS<\/strong><\/p>\n\n<p>Conforme a la \u00abLey de Servicios de la Sociedad de la Informaci\u00f3n\u00bb (LSSICE) establecida por el Real Decreto 13\/2012, es de obligaci\u00f3n obtener el consentimiento expreso del usuario de todas las p\u00e1ginas web que usan cookies prescindibles, antes de que este navegue por ellas. Seg\u00fan la directiva de la UE, las cookies que requieren el consentimiento informado por parte del usuario son las cookies de anal\u00edtica y las de publicidad y afiliaci\u00f3n, quedando exceptuadas las de car\u00e1cter t\u00e9cnico y las necesarias para el funcionamiento del sitio web o la prestaci\u00f3n de servicios expresamente solicitados por el usuario.<\/p>\n\n<p><strong>SEG\u00daN LA FINALIDAD<\/strong><\/p>\n\n<ul class=\"wp-block-list\"><li><strong>Cookies t\u00e9cnicas y funcionales<\/strong>: son aquellas que permiten al usuario la navegaci\u00f3n a trav\u00e9s de una p\u00e1gina web, plataforma o aplicaci\u00f3n y la utilizaci\u00f3n de las diferentes opciones o servicios que en ella existan.<\/li><li><strong>Cookies anal\u00edticas:<\/strong> son aquellas que permiten al responsable de las mismas el seguimiento y an\u00e1lisis del comportamiento de los usuarios de los sitios web a los que est\u00e1n vinculadas. La informaci\u00f3n recogida mediante este tipo de cookies se utiliza en la medici\u00f3n de la actividad de los sitios web, aplicaci\u00f3n o plataforma y para la elaboraci\u00f3n de perfiles de navegaci\u00f3n de los usuarios de dichos sitios, aplicaciones y plataformas, con el fin de introducir mejoras en funci\u00f3n del an\u00e1lisis de los datos de uso que hacen los usuarios del servicio.<\/li><li><strong>Cookies publicitarias<\/strong>: son aquellas que permiten la gesti\u00f3n, de la forma m\u00e1s eficaz posible, de los espacios publicitarios que, en su caso, el editor haya incluido en una p\u00e1gina web, aplicaci\u00f3n o plataforma desde la que presta el servicio solicitado en base a criterios como el contenido editado o la frecuencia en la que se muestran los anuncios.<\/li><li><strong>Cookies de publicidad comportamental:<\/strong> recogen informaci\u00f3n sobre las preferencias y elecciones personales del usuario (retargeting) para permitir la gesti\u00f3n, de la forma<br\/>m\u00e1s eficaz posible, de los espacios publicitarios que, en su caso, el editor haya incluido en una p\u00e1gina web, aplicaci\u00f3n o plataforma desde la que presta el servicio solicitado.<\/li><\/ul>\n<p><strong>SEG\u00daN LA PROPIEDAD<\/strong><\/p>\n\n<ul class=\"wp-block-list\"><li><strong>Cookies propias:<\/strong> son aquellas que se env\u00edan al equipo terminal del usuario desde un equipo o dominio gestionado por el propio editor y desde el que se presta el servicio solicitado por el usuario.<\/li><li><strong>Cookies de terceros:<\/strong> son aquellas que se env\u00edan al equipo terminal del usuario desde un equipo o dominio que no es gestionado por el editor, sino por otra entidad que trata los datos obtenidos trav\u00e9s de las cookies.<\/li><\/ul>\n<p><strong>SEG\u00daN EL PLAZO DE CONSERVACI\u00d3N<\/strong><\/p>\n\n<ul class=\"wp-block-list\"><li><strong>Cookies de sesi\u00f3n<\/strong>: son un tipo de cookies dise\u00f1adas para recabar y almacenar datos mientras el usuario accede a una p\u00e1gina web.<\/li><li><strong>Cookies persistentes:<\/strong> son un tipo de cookies en el que los datos siguen almacenados en el terminal y pueden ser accedidos y tratados durante un per\u00edodo definido por el responsable de la cookie, y que puede ir de unos minutos a varios a\u00f1os.<\/li><\/ul>\n<p><strong>TRATAMIENTO DE DATOS PERSONALES<\/strong><\/p>\n\n<p>MILDMAC, SA es el <strong>Responsable del tratamiento<\/strong> de los datos personales del <strong>Interesado<\/strong> y le informa de que estos datos ser\u00e1n tratados de conformidad con lo dispuesto en el Reglamento (UE) 2016\/679, de 27 de abril de 2016 (GDPR), por lo que se le facilita la siguiente informaci\u00f3n del tratamiento:<\/p>\n\n<p><strong>Fines del tratamiento:<\/strong> seg\u00fan se especifica en el apartado de cookies que se utilizan en este sitio web.<\/p>\n\n<p><strong>Legitimaci\u00f3n del tratamiento:<\/strong> por consentimiento del interesado (art. 6.1 GDPR).<\/p>\n\n<p><strong>Criterios de conservaci\u00f3n de los datos:<\/strong> seg\u00fan se especifica en el apartado de cookies utilizadas en la web.<\/p>\n\n<p><strong>Comunicaci\u00f3n de los datos:<\/strong> no se comunicar\u00e1n los datos a terceros, excepto en cookies propiedad de terceros o por obligaci\u00f3n legal.<\/p>\n\n<p><strong>Derechos que asisten al Interesado<\/strong>:<\/p>\n\n<ul class=\"wp-block-list\"><li>Derecho a retirar el consentimiento en cualquier momento.<\/li><li>Derecho de acceso, rectificaci\u00f3n, portabilidad y supresi\u00f3n de sus datos y a la limitaci\u00f3n u oposici\u00f3n a su tratamiento.<\/li><li>Derecho a presentar una reclamaci\u00f3n ante la Autoridad de control (www.aepd.es) si considera que el tratamiento no se ajusta a la normativa vigente.<\/li><\/ul>\n<p><strong>Datos de contacto para ejercer sus derechos:<\/strong><\/p>\n\n<p>MILDMAC, SA. Avda. de la Instituci\u00f3n Libre de Ense\u00f1anza, 41 6 &#8211; 28037 MADRID (Madrid). E-mail: <strong><a href=\"mailto:mildmac@mildmac.es\">mildmac@mildmac.es<\/a><\/strong><\/p>\n\n<p>Datos de contacto del delegado de protecci\u00f3n de datos: Plaza de los Comuneros 6, 28821 Coslada &#8211; <strong><a href=\"mailto:dpo@valvonta.es\">dpo@valvonta.es<\/a><\/strong><\/p>\n\n<p><strong><em>COOKIES\u00a0<\/em><\/strong><strong>QUE SE UTILIZAN EN ESTE SITIO WEB<\/strong><\/p>\n\n<figure class=\"wp-block-table\"><table><tbody><tr><td><strong>Nombre<\/strong><\/td><td><strong>Tipo<\/strong><\/td><td><strong>Propiedad<\/strong><\/td><td><strong>Finalidad<\/strong><\/td><td><strong>Caducidad<\/strong><\/td><\/tr><tr><td> <strong>_ga_*********<\/strong> <\/td><td>Anal\u00edtica<\/td><td>Google Analytics<\/td><td> Esta cookie es instalada por Google Analytics. La cookie se utiliza para calcular los datos de visitantes, sesiones y campa\u00f1as y realizar un seguimiento del uso del sitio para el informe de an\u00e1lisis del sitio. Las cookies almacenan informaci\u00f3n de forma an\u00f3nima y asignan un n\u00famero generado aleatoriamente para identificar visitantes \u00fanicos <\/td><td> 2 a\u00f1os <\/td><\/tr><tr><td> _<strong>ga<\/strong> <\/td><td>Anal\u00edtica <\/td><td>Google Analytics <\/td><td> Esta cookie es instalada por Google Analytics. La cookie se utiliza para calcular los datos de visitantes, sesiones y campa\u00f1as y realizar un seguimiento del uso del sitio para el informe de an\u00e1lisis del sitio. Las cookies almacenan informaci\u00f3n de forma an\u00f3nima y asignan un n\u00famero generado aleatoriamente para identificar visitantes \u00fanicos <\/td><td> 2 a\u00f1os <\/td><\/tr><\/tbody><\/table><\/figure>\n<p><strong>REVOCACI\u00d3N DEL CONSENTIMIENTO \u00a0PARA INSTALAR COOKIES COMO ELIMINAR LAS COOKIES DEL NAVEGADOR<\/strong><\/p>\n\n<p>Obtener m\u00e1s informaci\u00f3n para <strong>deshabilitar las <\/strong><em><strong>cookies<\/strong><\/em> de Google Analytics:<\/p>\n\n<ul class=\"wp-block-list\"><li><a href=\"https:\/\/policies.google.com\/technologies\/managing\">Pol\u00edtica de privacidad de <\/a><a href=\"https:\/\/tools.google.com\/dlpage\/gaoptout\">Google<\/a><\/li><li><a href=\"https:\/\/support.google.com\/analytics\/answer\/181881?hl=es\">Exclusi\u00f3n de Google Analytics<\/a><\/li><\/ul>\n<p><strong>C\u00d3MO ELIMINAR LAS COOKIES DE LOS NAVEGADORES M\u00c1S COMUNES<\/strong><\/p>\n\n<p><strong>Chrome<\/strong><br\/><a href=\"http:\/\/support.google.com\/chrome\/answer\/95647?hl=es\">http:\/\/support.google.com\/chrome\/answer\/95647?hl=es<\/a><\/p>\n\n<p><strong>Internet Explorer. Versi\u00f3n 11<\/strong><br\/><a href=\"https:\/\/support.microsoft.com\/es-es\/help\/278835\/how-to-delete-cookie-files-in-internet-explorer\">https:\/\/support.microsoft.com\/es-es\/help\/278835\/how-to-delete-cookie-files-in-internet-explorer<\/a><\/p>\n\n<p><strong>Firefox. Versi\u00f3n 65.0.1<\/strong><br\/><a href=\"https:\/\/www.mozilla.org\/es-ES\/privacy\/websites\/#cookies\">https:\/\/www.mozilla.org\/es-ES\/privacy\/websites\/#cookies<\/a><\/p>\n\n<p><strong>Safari Versi\u00f3n 5.1<\/strong><br\/><a href=\"https:\/\/support.apple.com\/es-es\/guide\/safari\/sfri11471\/mac\">https:\/\/support.apple.com\/es-es\/guide\/safari\/sfri11471\/mac<\/a><\/p>\n\n<p><strong>Opera<\/strong><br\/><a href=\"https:\/\/help.opera.com\/en\/latest\/security-and-privacy\/#clearBrowsingData\">https:\/\/help.opera.com\/en\/latest\/security-and-privacy\/#clearBrowsingData<\/a><\/p>\n","protected":false},"excerpt":{"rendered":"<p>INFORMACI\u00d3N SOBRE\u00a0COOKIES Las\u00a0cookies\u00a0y otras tecnolog\u00edas similares tales como local shared objects, flash\u00a0cookies\u00a0o p\u00edxeles, son herramientas empleadas por los servidores Web para almacenar y recuperar informaci\u00f3n acerca de sus visitantes, as\u00ed como para ofrecer un correcto funcionamiento del sitio. Mediante el uso de estos dispositivos se permite al servidor Web recordar algunos datos concernientes al usuario, &#8230; <a title=\"Cookies policy\" class=\"read-more\" href=\"https:\/\/qualo.info\/en\/cookies-policy\/\" aria-label=\"Read more about Cookies policy\">Read more<\/a><\/p>\n","protected":false},"author":1,"featured_media":0,"parent":0,"menu_order":0,"comment_status":"closed","ping_status":"closed","template":"","meta":{"_uag_custom_page_level_css":"","footnotes":""},"class_list":["post-2460","page","type-page","status-publish"],"yoast_head":"<!-- This site is optimized with the Yoast SEO plugin v27.2 - https:\/\/yoast.com\/product\/yoast-seo-wordpress\/ -->\n<title>Cookies policy - QUALO.INFO<\/title>\n<meta name=\"robots\" content=\"index, follow, max-snippet:-1, max-image-preview:large, max-video-preview:-1\" \/>\n<link rel=\"canonical\" href=\"https:\/\/qualo.info\/en\/cookies-policy\/\" \/>\n<meta property=\"og:locale\" content=\"en_US\" \/>\n<meta property=\"og:type\" content=\"article\" \/>\n<meta property=\"og:title\" content=\"Cookies policy - QUALO.INFO\" \/>\n<meta property=\"og:description\" content=\"INFORMACI\u00d3N SOBRE\u00a0COOKIES Las\u00a0cookies\u00a0y otras tecnolog\u00edas similares tales como local shared objects, flash\u00a0cookies\u00a0o p\u00edxeles, son herramientas empleadas por los servidores Web para almacenar y recuperar informaci\u00f3n acerca de sus visitantes, as\u00ed como para ofrecer un correcto funcionamiento del sitio. Mediante el uso de estos dispositivos se permite al servidor Web recordar algunos datos concernientes al usuario, ... Read more\" \/>\n<meta property=\"og:url\" content=\"https:\/\/qualo.info\/en\/cookies-policy\/\" \/>\n<meta property=\"og:site_name\" content=\"QUALO.INFO\" \/>\n<meta property=\"article:publisher\" content=\"https:\/\/www.facebook.com\/qualoapp\" \/>\n<meta property=\"article:modified_time\" content=\"2021-07-26T19:03:27+00:00\" \/>\n<meta name=\"twitter:card\" content=\"summary_large_image\" \/>\n<meta name=\"twitter:site\" content=\"@qualo_app\" \/>\n<meta name=\"twitter:label1\" content=\"Est. reading time\" \/>\n\t<meta name=\"twitter:data1\" content=\"5 minutes\" \/>\n<script type=\"application\/ld+json\" class=\"yoast-schema-graph\">{\"@context\":\"https:\/\/schema.org\",\"@graph\":[{\"@type\":\"WebPage\",\"@id\":\"https:\/\/qualo.info\/en\/cookies-policy\/\",\"url\":\"https:\/\/qualo.info\/en\/cookies-policy\/\",\"name\":\"Cookies policy - QUALO.INFO\",\"isPartOf\":{\"@id\":\"https:\/\/qualo.info\/#website\"},\"datePublished\":\"2021-07-26T19:03:26+00:00\",\"dateModified\":\"2021-07-26T19:03:27+00:00\",\"breadcrumb\":{\"@id\":\"https:\/\/qualo.info\/en\/cookies-policy\/#breadcrumb\"},\"inLanguage\":\"en-US\",\"potentialAction\":[{\"@type\":\"ReadAction\",\"target\":[\"https:\/\/qualo.info\/en\/cookies-policy\/\"]}]},{\"@type\":\"BreadcrumbList\",\"@id\":\"https:\/\/qualo.info\/en\/cookies-policy\/#breadcrumb\",\"itemListElement\":[{\"@type\":\"ListItem\",\"position\":1,\"name\":\"Portada\",\"item\":\"https:\/\/qualo.info\/en\/\"},{\"@type\":\"ListItem\",\"position\":2,\"name\":\"Cookies policy\"}]},{\"@type\":\"WebSite\",\"@id\":\"https:\/\/qualo.info\/#website\",\"url\":\"https:\/\/qualo.info\/\",\"name\":\"QUALO.INFO\",\"description\":\"APP Universal de Acceso a  Informaci\u00f3n Contextual\",\"publisher\":{\"@id\":\"https:\/\/qualo.info\/#organization\"},\"potentialAction\":[{\"@type\":\"SearchAction\",\"target\":{\"@type\":\"EntryPoint\",\"urlTemplate\":\"https:\/\/qualo.info\/?s={search_term_string}\"},\"query-input\":{\"@type\":\"PropertyValueSpecification\",\"valueRequired\":true,\"valueName\":\"search_term_string\"}}],\"inLanguage\":\"en-US\"},{\"@type\":\"Organization\",\"@id\":\"https:\/\/qualo.info\/#organization\",\"name\":\"QUALO\",\"url\":\"https:\/\/qualo.info\/\",\"logo\":{\"@type\":\"ImageObject\",\"inLanguage\":\"en-US\",\"@id\":\"https:\/\/qualo.info\/#\/schema\/logo\/image\/\",\"url\":\"https:\/\/qualo.info\/wp-content\/uploads\/logo-qualo-orig-300.png\",\"contentUrl\":\"https:\/\/qualo.info\/wp-content\/uploads\/logo-qualo-orig-300.png\",\"width\":300,\"height\":90,\"caption\":\"QUALO\"},\"image\":{\"@id\":\"https:\/\/qualo.info\/#\/schema\/logo\/image\/\"},\"sameAs\":[\"https:\/\/www.facebook.com\/qualoapp\",\"https:\/\/x.com\/qualo_app\",\"https:\/\/www.instagram.com\/qualo.app\/\",\"https:\/\/www.youtube.com\/@qualoapp\"]}]}<\/script>\n<!-- \/ Yoast SEO plugin. -->","yoast_head_json":{"title":"Cookies policy - QUALO.INFO","robots":{"index":"index","follow":"follow","max-snippet":"max-snippet:-1","max-image-preview":"max-image-preview:large","max-video-preview":"max-video-preview:-1"},"canonical":"https:\/\/qualo.info\/en\/cookies-policy\/","og_locale":"en_US","og_type":"article","og_title":"Cookies policy - QUALO.INFO","og_description":"INFORMACI\u00d3N SOBRE\u00a0COOKIES Las\u00a0cookies\u00a0y otras tecnolog\u00edas similares tales como local shared objects, flash\u00a0cookies\u00a0o p\u00edxeles, son herramientas empleadas por los servidores Web para almacenar y recuperar informaci\u00f3n acerca de sus visitantes, as\u00ed como para ofrecer un correcto funcionamiento del sitio. Mediante el uso de estos dispositivos se permite al servidor Web recordar algunos datos concernientes al usuario, ... Read more","og_url":"https:\/\/qualo.info\/en\/cookies-policy\/","og_site_name":"QUALO.INFO","article_publisher":"https:\/\/www.facebook.com\/qualoapp","article_modified_time":"2021-07-26T19:03:27+00:00","twitter_card":"summary_large_image","twitter_site":"@qualo_app","twitter_misc":{"Est. reading time":"5 minutes"},"schema":{"@context":"https:\/\/schema.org","@graph":[{"@type":"WebPage","@id":"https:\/\/qualo.info\/en\/cookies-policy\/","url":"https:\/\/qualo.info\/en\/cookies-policy\/","name":"Cookies policy - QUALO.INFO","isPartOf":{"@id":"https:\/\/qualo.info\/#website"},"datePublished":"2021-07-26T19:03:26+00:00","dateModified":"2021-07-26T19:03:27+00:00","breadcrumb":{"@id":"https:\/\/qualo.info\/en\/cookies-policy\/#breadcrumb"},"inLanguage":"en-US","potentialAction":[{"@type":"ReadAction","target":["https:\/\/qualo.info\/en\/cookies-policy\/"]}]},{"@type":"BreadcrumbList","@id":"https:\/\/qualo.info\/en\/cookies-policy\/#breadcrumb","itemListElement":[{"@type":"ListItem","position":1,"name":"Portada","item":"https:\/\/qualo.info\/en\/"},{"@type":"ListItem","position":2,"name":"Cookies policy"}]},{"@type":"WebSite","@id":"https:\/\/qualo.info\/#website","url":"https:\/\/qualo.info\/","name":"QUALO.INFO","description":"APP Universal de Acceso a  Informaci\u00f3n Contextual","publisher":{"@id":"https:\/\/qualo.info\/#organization"},"potentialAction":[{"@type":"SearchAction","target":{"@type":"EntryPoint","urlTemplate":"https:\/\/qualo.info\/?s={search_term_string}"},"query-input":{"@type":"PropertyValueSpecification","valueRequired":true,"valueName":"search_term_string"}}],"inLanguage":"en-US"},{"@type":"Organization","@id":"https:\/\/qualo.info\/#organization","name":"QUALO","url":"https:\/\/qualo.info\/","logo":{"@type":"ImageObject","inLanguage":"en-US","@id":"https:\/\/qualo.info\/#\/schema\/logo\/image\/","url":"https:\/\/qualo.info\/wp-content\/uploads\/logo-qualo-orig-300.png","contentUrl":"https:\/\/qualo.info\/wp-content\/uploads\/logo-qualo-orig-300.png","width":300,"height":90,"caption":"QUALO"},"image":{"@id":"https:\/\/qualo.info\/#\/schema\/logo\/image\/"},"sameAs":["https:\/\/www.facebook.com\/qualoapp","https:\/\/x.com\/qualo_app","https:\/\/www.instagram.com\/qualo.app\/","https:\/\/www.youtube.com\/@qualoapp"]}]}},"uagb_featured_image_src":{"full":false,"thumbnail":false,"medium":false,"medium_large":false,"large":false,"1536x1536":false,"2048x2048":false},"uagb_author_info":{"display_name":"admin","author_link":"https:\/\/qualo.info\/en\/author\/ragustino\/"},"uagb_comment_info":0,"uagb_excerpt":"INFORMACI\u00d3N SOBRE\u00a0COOKIES Las\u00a0cookies\u00a0y otras tecnolog\u00edas similares tales como local shared objects, flash\u00a0cookies\u00a0o p\u00edxeles, son herramientas empleadas por los servidores Web para almacenar y recuperar informaci\u00f3n acerca de sus visitantes, as\u00ed como para ofrecer un correcto funcionamiento del sitio. Mediante el uso de estos dispositivos se permite al servidor Web recordar algunos datos concernientes al usuario,&hellip;","_links":{"self":[{"href":"https:\/\/qualo.info\/en\/wp-json\/wp\/v2\/pages\/2460","targetHints":{"allow":["GET"]}}],"collection":[{"href":"https:\/\/qualo.info\/en\/wp-json\/wp\/v2\/pages"}],"about":[{"href":"https:\/\/qualo.info\/en\/wp-json\/wp\/v2\/types\/page"}],"author":[{"embeddable":true,"href":"https:\/\/qualo.info\/en\/wp-json\/wp\/v2\/users\/1"}],"replies":[{"embeddable":true,"href":"https:\/\/qualo.info\/en\/wp-json\/wp\/v2\/comments?post=2460"}],"version-history":[{"count":1,"href":"https:\/\/qualo.info\/en\/wp-json\/wp\/v2\/pages\/2460\/revisions"}],"predecessor-version":[{"id":2461,"href":"https:\/\/qualo.info\/en\/wp-json\/wp\/v2\/pages\/2460\/revisions\/2461"}],"wp:attachment":[{"href":"https:\/\/qualo.info\/en\/wp-json\/wp\/v2\/media?parent=2460"}],"curies":[{"name":"wp","href":"https:\/\/api.w.org\/{rel}","templated":true}]}}