{"id":2420,"date":"2021-07-26T19:29:58","date_gmt":"2021-07-26T17:29:58","guid":{"rendered":"https:\/\/qualo.info\/newsletter-subscription-register\/"},"modified":"2021-07-26T19:29:58","modified_gmt":"2021-07-26T17:29:58","slug":"newsletter-subscription-register","status":"publish","type":"page","link":"https:\/\/qualo.info\/en\/newsletter-subscription-register\/","title":{"rendered":"Newsletter subscription \u2013 Register"},"content":{"rendered":"\t\t<div data-elementor-type=\"wp-page\" data-elementor-id=\"2420\" class=\"elementor elementor-2420 elementor-2331\" data-elementor-post-type=\"page\">\n\t\t\t\t\t\t<section class=\"elementor-section elementor-top-section elementor-element elementor-element-5583d3bd elementor-section-stretched elementor-section-boxed elementor-section-height-default elementor-section-height-default\" data-id=\"5583d3bd\" data-element_type=\"section\" data-e-type=\"section\" data-settings=\"{&quot;stretch_section&quot;:&quot;section-stretched&quot;}\">\n\t\t\t\t\t\t<div class=\"elementor-container elementor-column-gap-default\">\n\t\t\t\t\t<div class=\"elementor-column elementor-col-100 elementor-top-column elementor-element elementor-element-10b12f8\" data-id=\"10b12f8\" data-element_type=\"column\" data-e-type=\"column\">\n\t\t\t<div class=\"elementor-widget-wrap elementor-element-populated\">\n\t\t\t\t\t\t<div class=\"elementor-element elementor-element-30859d6f elementor-widget elementor-widget-text-editor\" data-id=\"30859d6f\" data-element_type=\"widget\" data-e-type=\"widget\" data-widget_type=\"text-editor.default\">\n\t\t\t\t<div class=\"elementor-widget-container\">\n\t\t\t\t\t\t\t\t\t<p>If you wish to receive news from QUALO you can do so by filling in the following form. MILDMAC, owner of QUALO, will use the information you provide in this form to be in contact with you and to send you updates and promotions. You can change your mind at any time by clicking on the unsubscribe link in the footer of any email you receive from us, or by contacting us at the email\u00a0 <a href=\"mailto:mildmac@mildmac.es\">mildmac@mildmac.es<\/a>. We will treat your information with respect and\u00a0<b>complying with the current regulations of the GDPR<\/b>. For more information you can review our\u00a0<a href=\"https:\/\/www.mildmac.es\/en\/privacy-policy\/\" target=\"_blank\" rel=\"noopener\"><b>privacy policy<\/b><\/a>. By clicking below,\u00a0<b>you agree that we may process your information in accordance with these terms<\/b>.<\/p>\n\t\t\t\t\t\t\t\t<\/div>\n\t\t\t\t<\/div>\n\t\t\t\t\t<\/div>\n\t\t<\/div>\n\t\t\t\t\t<\/div>\n\t\t<\/section>\n\t\t\t\t<section class=\"elementor-section elementor-top-section elementor-element elementor-element-11323167 elementor-section-stretched elementor-section-boxed elementor-section-height-default elementor-section-height-default\" data-id=\"11323167\" data-element_type=\"section\" data-e-type=\"section\" data-settings=\"{&quot;stretch_section&quot;:&quot;section-stretched&quot;}\">\n\t\t\t\t\t\t<div class=\"elementor-container elementor-column-gap-default\">\n\t\t\t\t\t<div class=\"elementor-column elementor-col-50 elementor-top-column elementor-element elementor-element-78f27bf4\" data-id=\"78f27bf4\" data-element_type=\"column\" data-e-type=\"column\">\n\t\t\t<div class=\"elementor-widget-wrap elementor-element-populated\">\n\t\t\t\t\t\t<div class=\"elementor-element elementor-element-74ef9959 elementor-widget elementor-widget-text-editor\" data-id=\"74ef9959\" data-element_type=\"widget\" data-e-type=\"widget\" data-widget_type=\"text-editor.default\">\n\t\t\t\t<div class=\"elementor-widget-container\">\n\t\t\t\t\t\t\t\t\t<p>* Only the Email field is mandatory, but if you fill in the other fields, we can identify you and contact you more easily, if necessary<\/p>\n\t\t\t\t\t\t\t\t<\/div>\n\t\t\t\t<\/div>\n\t\t\t\t<div class=\"elementor-element elementor-element-34f3323e elementor-button-align-start elementor-widget elementor-widget-form\" data-id=\"34f3323e\" data-element_type=\"widget\" data-e-type=\"widget\" data-settings=\"{&quot;step_next_label&quot;:&quot;Next&quot;,&quot;step_previous_label&quot;:&quot;Previous&quot;,&quot;button_width&quot;:&quot;100&quot;,&quot;step_type&quot;:&quot;number_text&quot;,&quot;step_icon_shape&quot;:&quot;circle&quot;}\" data-widget_type=\"form.default\">\n\t\t\t\t<div class=\"elementor-widget-container\">\n\t\t\t\t\t\t\t<form class=\"elementor-form\" method=\"post\" id=\"Formulario-suscripcion-newsletter\" name=\"Newsletter subscription form\" aria-label=\"Newsletter subscription form\">\n\t\t\t<input type=\"hidden\" name=\"post_id\" value=\"2420\"\/>\n\t\t\t<input type=\"hidden\" name=\"form_id\" value=\"34f3323e\"\/>\n\t\t\t<input type=\"hidden\" name=\"referer_title\" value=\"QUALO.INFO\" \/>\n\n\t\t\t\n\t\t\t<div class=\"elementor-form-fields-wrapper elementor-labels-above\">\n\t\t\t\t\t\t\t\t<div class=\"elementor-field-type-email elementor-field-group elementor-column elementor-field-group-email elementor-col-100 elementor-field-required elementor-mark-required\">\n\t\t\t\t\t\t\t\t\t\t\t\t<label for=\"form-field-email\" class=\"elementor-field-label\">\n\t\t\t\t\t\t\t\tEmail\t\t\t\t\t\t\t<\/label>\n\t\t\t\t\t\t\t\t\t\t\t\t\t\t<input size=\"1\" type=\"email\" name=\"form_fields[email]\" id=\"form-field-email\" class=\"elementor-field elementor-size-sm  elementor-field-textual\" placeholder=\"Email\" required=\"required\">\n\t\t\t\t\t\t\t\t\t\t\t<\/div>\n\t\t\t\t\t\t\t\t<div class=\"elementor-field-type-text elementor-field-group elementor-column elementor-field-group-nombre elementor-col-50\">\n\t\t\t\t\t\t\t\t\t\t\t\t<label for=\"form-field-nombre\" class=\"elementor-field-label\">\n\t\t\t\t\t\t\t\tName\t\t\t\t\t\t\t<\/label>\n\t\t\t\t\t\t\t\t\t\t\t\t\t\t<input size=\"1\" type=\"text\" name=\"form_fields[nombre]\" id=\"form-field-nombre\" class=\"elementor-field elementor-size-sm  elementor-field-textual\" placeholder=\"Name\">\n\t\t\t\t\t\t\t\t\t\t\t<\/div>\n\t\t\t\t\t\t\t\t<div class=\"elementor-field-type-text elementor-field-group elementor-column elementor-field-group-apellidos elementor-col-50\">\n\t\t\t\t\t\t\t\t\t\t\t\t<label for=\"form-field-apellidos\" class=\"elementor-field-label\">\n\t\t\t\t\t\t\t\tSurname\t\t\t\t\t\t\t<\/label>\n\t\t\t\t\t\t\t\t\t\t\t\t\t\t<input size=\"1\" type=\"text\" name=\"form_fields[apellidos]\" id=\"form-field-apellidos\" class=\"elementor-field elementor-size-sm  elementor-field-textual\" placeholder=\"Surname\">\n\t\t\t\t\t\t\t\t\t\t\t<\/div>\n\t\t\t\t\t\t\t\t<div class=\"elementor-field-type-tel elementor-field-group elementor-column elementor-field-group-telefono elementor-col-50\">\n\t\t\t\t\t\t\t\t\t\t\t\t<label for=\"form-field-telefono\" class=\"elementor-field-label\">\n\t\t\t\t\t\t\t\tPhone\t\t\t\t\t\t\t<\/label>\n\t\t\t\t\t\t\t\t<input size=\"1\" type=\"tel\" name=\"form_fields[telefono]\" id=\"form-field-telefono\" class=\"elementor-field elementor-size-sm  elementor-field-textual\" placeholder=\"Phone\" pattern=\"[0-9()#&amp;+*-=.]+\" title=\"Only numbers and phone characters (#, -, *, etc) are accepted.\">\n\n\t\t\t\t\t\t<\/div>\n\t\t\t\t\t\t\t\t<div class=\"elementor-field-type-text elementor-field-group elementor-column elementor-field-group-empresa elementor-col-50\">\n\t\t\t\t\t\t\t\t\t\t\t\t<label for=\"form-field-empresa\" class=\"elementor-field-label\">\n\t\t\t\t\t\t\t\tCompany\t\t\t\t\t\t\t<\/label>\n\t\t\t\t\t\t\t\t\t\t\t\t\t\t<input size=\"1\" type=\"text\" name=\"form_fields[empresa]\" id=\"form-field-empresa\" class=\"elementor-field elementor-size-sm  elementor-field-textual\" placeholder=\"Company\">\n\t\t\t\t\t\t\t\t\t\t\t<\/div>\n\t\t\t\t\t\t\t\t<div class=\"elementor-field-type-html elementor-field-group elementor-column elementor-field-group-field_5 elementor-col-100\">\n\t\t\t\t\t<br><div>\r\n<a href=\"https:\/\/www.mailchimp.com\/gdpr\" target=\"_blank\"><img decoding=\"async\" src=\"https:\/\/cdn-images.mailchimp.com\/icons\/mailchimp-gdpr.svg\" alt=\"GDPR\" width=\"100\" align=\"left\" hspace=\"10\"><\/a>\r\n<p>We use MailChimp as a marketing automation platform. By clicking below to submit this form, you understand that the information you provide will be transferred to our MailChimp account for processing according to their <a href=\"https:\/\/mailchimp.com\/legal\/privacy\/\" target=\"_blank\">Privacy Policy<\/a> and <a href=\"https:\/\/mailchimp.com\/legal\/terms\/\" target=\"_blank\">Terms.<\/a>.<\/p><\/div>\t\t\t\t<\/div>\n\t\t\t\t\t\t\t\t<div class=\"elementor-field-type-html elementor-field-group elementor-column elementor-field-group-field_be10627 elementor-col-100\">\n\t\t\t\t\t\t\t<div data-elementor-type=\"section\" data-elementor-id=\"2309\" class=\"elementor elementor-2309\" data-elementor-post-type=\"elementor_library\">\n\t\t\t\t\t<section class=\"elementor-section elementor-top-section elementor-element elementor-element-8ce8dd6 elementor-section-boxed elementor-section-height-default elementor-section-height-default\" data-id=\"8ce8dd6\" data-element_type=\"section\" data-e-type=\"section\" data-settings=\"{&quot;background_background&quot;:&quot;classic&quot;}\">\n\t\t\t\t\t\t<div class=\"elementor-container elementor-column-gap-default\">\n\t\t\t\t\t<div class=\"elementor-column elementor-col-100 elementor-top-column elementor-element elementor-element-c28e0c4\" data-id=\"c28e0c4\" data-element_type=\"column\" data-e-type=\"column\">\n\t\t\t<div class=\"elementor-widget-wrap elementor-element-populated\">\n\t\t\t\t\t\t<div class=\"elementor-element elementor-element-7fd86a00 elementor-widget elementor-widget-text-editor\" data-id=\"7fd86a00\" data-element_type=\"widget\" data-e-type=\"widget\" data-widget_type=\"text-editor.default\">\n\t\t\t\t<div class=\"elementor-widget-container\">\n\t\t\t\t\t\t\t\t\t<p><b>CONSENTIMIENTO PARA EL TRATAMIENTO DE DATOS PERSONALES<\/b><\/p>\t\t\t\t\t\t\t\t<\/div>\n\t\t\t\t<\/div>\n\t\t\t\t<div class=\"elementor-element elementor-element-25c1418 elementor-widget elementor-widget-text-editor\" data-id=\"25c1418\" data-element_type=\"widget\" data-e-type=\"widget\" data-widget_type=\"text-editor.default\">\n\t\t\t\t<div class=\"elementor-widget-container\">\n\t\t\t\t\t\t\t\t\t<p><b>MILDMAC, SA<\/b> es el Responsable del tratamiento de los datos personales del usuario y le informa de que estos datos se tratar\u00e1n de conformidad con lo dispuesto en el Reglamento (UE) 2016\/679, de 27 de abril (GDPR), y la Ley Org\u00e1nica 3\/2018, de 5 de diciembre (LOPDGDD), por lo que se le facilita la<br>siguiente informaci\u00f3n del tratamiento:<br><b>Fines y legitimaci\u00f3n del tratamiento:<\/b> mantener una relaci\u00f3n comercial (por inter\u00e9s leg\u00edtimo del responsable, art. 6.1.f GDPR) y el env\u00edo de comunicaciones de productos o servicios (por consentimiento del interesado, art. 6.1.a GDPR).<br><b>Criterios de conservaci\u00f3n de los datos:<\/b> se conservar\u00e1n durante no m\u00e1s tiempo del necesario para mantener el fin del tratamiento o mientras existan prescripciones legales que dictaminen su custodia y cuando ya no sea necesario para ello, se suprimir\u00e1n con medidas de seguridad adecuadas para<br>garantizar la anonimizaci\u00f3n de los datos o la destrucci\u00f3n total de los mismos.<br><b>Comunicaci\u00f3n de los datos: <\/b>no se comunicar\u00e1n los datos a terceros, salvo obligaci\u00f3n legal.<br><b>Derechos que asisten al usuario: <\/b>derecho a retirar el consentimiento en cualquier momento. Derecho de acceso, rectificaci\u00f3n, portabilidad y supresi\u00f3n de sus datos, y de limitaci\u00f3n u oposici\u00f3n a su tratamiento. Derecho a presentar una reclamaci\u00f3n ante la Autoridad de control (www.aepd.es) si considera que el tratamiento no se ajusta a la normativa vigente.<br><b>Datos de contacto para ejercer sus derechos:<\/b>&nbsp;<a href=\"mailto:mildmac@mildmac.es\" target=\"_blank\" rel=\"noopener\">mildmac@mildmac.es<\/a>.<br><b>Datos de contacto del delegado de protecci\u00f3n de datos:<\/b> Plaza de los Comuneros 6, 28821 Coslada &#8211; <a href=\"mailto:dpo@valvonta.es\" target=\"_blank\" rel=\"noopener\">dpo@valvonta.es<\/a><\/p>\t\t\t\t\t\t\t\t<\/div>\n\t\t\t\t<\/div>\n\t\t\t\t\t<\/div>\n\t\t<\/div>\n\t\t\t\t\t<\/div>\n\t\t<\/section>\n\t\t\t\t<\/div>\n\t\t\t\t\t\t<\/div>\n\t\t\t\t\t\t\t\t<div class=\"elementor-field-type-acceptance elementor-field-group elementor-column elementor-field-group-acceptance elementor-col-100 elementor-field-required elementor-mark-required\">\n\t\t\t\t\t\t\t<div class=\"elementor-field-subgroup\">\n\t\t\t<span class=\"elementor-field-option\">\n\t\t\t\t<input type=\"checkbox\" name=\"form_fields[acceptance]\" id=\"form-field-acceptance\" class=\"elementor-field elementor-size-sm  elementor-acceptance-field\" required=\"required\">\n\t\t\t\t<label for=\"form-field-acceptance\">I accept the <a href=\"\/en\/privacy-policy\" target=\"_blank\" rel=\"noopener\">privacy policy<\/a> and the Consent to Personal Data Processing<\/label>\t\t\t<\/span>\n\t\t<\/div>\n\t\t\t\t\t\t<\/div>\n\t\t\t\t\t\t\t\t<div class=\"elementor-field-type-recaptcha elementor-field-group elementor-column elementor-field-group-recaptcha elementor-col-100\">\n\t\t\t\t\t<div class=\"elementor-field\" id=\"form-field-recaptcha\"><div class=\"elementor-g-recaptcha\" data-sitekey=\"6LdDsJwbAAAAAFyisP--YXDq4ZIfvC5Tfscb33pa\" data-type=\"v2_checkbox\" data-theme=\"light\" data-size=\"normal\"><\/div><\/div>\t\t\t\t<\/div>\n\t\t\t\t\t\t\t\t<div class=\"elementor-field-type-text\">\n\t\t\t\t\t<input size=\"1\" type=\"text\" name=\"form_fields[honeypot]\" id=\"form-field-honeypot\" class=\"elementor-field elementor-size-sm \" style=\"display:none !important;\">\t\t\t\t<\/div>\n\t\t\t\t\t\t\t\t<div class=\"elementor-field-group elementor-column elementor-field-type-submit elementor-col-100 e-form__buttons\">\n\t\t\t\t\t<button class=\"elementor-button elementor-size-md elementor-animation-shrink\" type=\"submit\">\n\t\t\t\t\t\t<span class=\"elementor-button-content-wrapper\">\n\t\t\t\t\t\t\t\t\t\t\t\t\t\t\t<span class=\"elementor-button-icon\">\n\t\t\t\t\t\t\t\t\t<i class=\"fa fa-heart\" aria-hidden=\"true\"><\/i>\t\t\t\t\t\t\t\t\t\t\t\t\t\t\t\t\t<\/span>\n\t\t\t\t\t\t\t\t\t\t\t\t\t\t\t\t\t\t\t\t\t\t<span class=\"elementor-button-text\">Subscribe<\/span>\n\t\t\t\t\t\t\t\t\t\t\t\t\t<\/span>\n\t\t\t\t\t<\/button>\n\t\t\t\t<\/div>\n\t\t\t<\/div>\n\t\t<\/form>\n\t\t\t\t\t\t<\/div>\n\t\t\t\t<\/div>\n\t\t\t\t\t<\/div>\n\t\t<\/div>\n\t\t\t\t<div class=\"elementor-column elementor-col-50 elementor-top-column elementor-element elementor-element-770f5a14\" data-id=\"770f5a14\" data-element_type=\"column\" data-e-type=\"column\">\n\t\t\t<div class=\"elementor-widget-wrap elementor-element-populated\">\n\t\t\t\t\t\t<div class=\"elementor-element elementor-element-62159499 elementor-widget elementor-widget-image\" data-id=\"62159499\" data-element_type=\"widget\" data-e-type=\"widget\" data-widget_type=\"image.default\">\n\t\t\t\t<div class=\"elementor-widget-container\">\n\t\t\t\t\t\t\t\t\t\t\t\t\t\t\t<img fetchpriority=\"high\" decoding=\"async\" width=\"640\" height=\"452\" src=\"https:\/\/qualo.info\/wp-content\/uploads\/newsletter-qualo.png\" class=\"attachment-large size-large wp-image-2368\" alt=\"\" srcset=\"https:\/\/qualo.info\/wp-content\/uploads\/newsletter-qualo.png 640w, https:\/\/qualo.info\/wp-content\/uploads\/newsletter-qualo-300x212.png 300w\" sizes=\"(max-width: 640px) 100vw, 640px\" \/>\t\t\t\t\t\t\t\t\t\t\t\t\t\t\t<\/div>\n\t\t\t\t<\/div>\n\t\t\t\t\t<\/div>\n\t\t<\/div>\n\t\t\t\t\t<\/div>\n\t\t<\/section>\n\t\t\t\t<\/div>\n\t\t","protected":false},"excerpt":{"rendered":"<p>If you wish to receive news from QUALO you can do so by filling in the following form. MILDMAC, owner of QUALO, will use the information you provide in this form to be in contact with you and to send you updates and promotions. You can change your mind at any time by clicking on &#8230; <a title=\"Newsletter subscription \u2013 Register\" class=\"read-more\" href=\"https:\/\/qualo.info\/en\/newsletter-subscription-register\/\" aria-label=\"Read more about Newsletter subscription \u2013 Register\">Read more<\/a><\/p>\n","protected":false},"author":1,"featured_media":0,"parent":0,"menu_order":0,"comment_status":"closed","ping_status":"closed","template":"","meta":{"_uag_custom_page_level_css":"","footnotes":""},"class_list":["post-2420","page","type-page","status-publish"],"yoast_head":"<!-- This site is optimized with the Yoast SEO plugin v27.2 - https:\/\/yoast.com\/product\/yoast-seo-wordpress\/ -->\n<title>Newsletter subscription \u2013 Register - QUALO.INFO<\/title>\n<meta name=\"robots\" content=\"index, follow, max-snippet:-1, max-image-preview:large, max-video-preview:-1\" \/>\n<link rel=\"canonical\" href=\"https:\/\/qualo.info\/en\/newsletter-subscription-register\/\" \/>\n<meta property=\"og:locale\" content=\"en_US\" \/>\n<meta property=\"og:type\" content=\"article\" \/>\n<meta property=\"og:title\" content=\"Newsletter subscription \u2013 Register - QUALO.INFO\" \/>\n<meta property=\"og:description\" content=\"If you wish to receive news from QUALO you can do so by filling in the following form. MILDMAC, owner of QUALO, will use the information you provide in this form to be in contact with you and to send you updates and promotions. You can change your mind at any time by clicking on ... Read more\" \/>\n<meta property=\"og:url\" content=\"https:\/\/qualo.info\/en\/newsletter-subscription-register\/\" \/>\n<meta property=\"og:site_name\" content=\"QUALO.INFO\" \/>\n<meta property=\"article:publisher\" content=\"https:\/\/www.facebook.com\/qualoapp\" \/>\n<meta property=\"og:image\" content=\"https:\/\/qualo.info\/wp-content\/uploads\/newsletter-qualo.png\" \/>\n<meta name=\"twitter:card\" content=\"summary_large_image\" \/>\n<meta name=\"twitter:site\" content=\"@qualo_app\" \/>\n<meta name=\"twitter:label1\" content=\"Est. reading time\" \/>\n\t<meta name=\"twitter:data1\" content=\"1 minute\" \/>\n<script type=\"application\/ld+json\" class=\"yoast-schema-graph\">{\"@context\":\"https:\/\/schema.org\",\"@graph\":[{\"@type\":\"WebPage\",\"@id\":\"https:\/\/qualo.info\/en\/newsletter-subscription-register\/\",\"url\":\"https:\/\/qualo.info\/en\/newsletter-subscription-register\/\",\"name\":\"Newsletter subscription \u2013 Register - QUALO.INFO\",\"isPartOf\":{\"@id\":\"https:\/\/qualo.info\/#website\"},\"primaryImageOfPage\":{\"@id\":\"https:\/\/qualo.info\/en\/newsletter-subscription-register\/#primaryimage\"},\"image\":{\"@id\":\"https:\/\/qualo.info\/en\/newsletter-subscription-register\/#primaryimage\"},\"thumbnailUrl\":\"https:\/\/qualo.info\/wp-content\/uploads\/newsletter-qualo.png\",\"datePublished\":\"2021-07-26T17:29:58+00:00\",\"breadcrumb\":{\"@id\":\"https:\/\/qualo.info\/en\/newsletter-subscription-register\/#breadcrumb\"},\"inLanguage\":\"en-US\",\"potentialAction\":[{\"@type\":\"ReadAction\",\"target\":[\"https:\/\/qualo.info\/en\/newsletter-subscription-register\/\"]}]},{\"@type\":\"ImageObject\",\"inLanguage\":\"en-US\",\"@id\":\"https:\/\/qualo.info\/en\/newsletter-subscription-register\/#primaryimage\",\"url\":\"https:\/\/qualo.info\/wp-content\/uploads\/newsletter-qualo.png\",\"contentUrl\":\"https:\/\/qualo.info\/wp-content\/uploads\/newsletter-qualo.png\"},{\"@type\":\"BreadcrumbList\",\"@id\":\"https:\/\/qualo.info\/en\/newsletter-subscription-register\/#breadcrumb\",\"itemListElement\":[{\"@type\":\"ListItem\",\"position\":1,\"name\":\"Portada\",\"item\":\"https:\/\/qualo.info\/en\/\"},{\"@type\":\"ListItem\",\"position\":2,\"name\":\"Newsletter subscription \u2013 Register\"}]},{\"@type\":\"WebSite\",\"@id\":\"https:\/\/qualo.info\/#website\",\"url\":\"https:\/\/qualo.info\/\",\"name\":\"QUALO.INFO\",\"description\":\"APP Universal de Acceso a  Informaci\u00f3n Contextual\",\"publisher\":{\"@id\":\"https:\/\/qualo.info\/#organization\"},\"potentialAction\":[{\"@type\":\"SearchAction\",\"target\":{\"@type\":\"EntryPoint\",\"urlTemplate\":\"https:\/\/qualo.info\/?s={search_term_string}\"},\"query-input\":{\"@type\":\"PropertyValueSpecification\",\"valueRequired\":true,\"valueName\":\"search_term_string\"}}],\"inLanguage\":\"en-US\"},{\"@type\":\"Organization\",\"@id\":\"https:\/\/qualo.info\/#organization\",\"name\":\"QUALO\",\"url\":\"https:\/\/qualo.info\/\",\"logo\":{\"@type\":\"ImageObject\",\"inLanguage\":\"en-US\",\"@id\":\"https:\/\/qualo.info\/#\/schema\/logo\/image\/\",\"url\":\"https:\/\/qualo.info\/wp-content\/uploads\/logo-qualo-orig-300.png\",\"contentUrl\":\"https:\/\/qualo.info\/wp-content\/uploads\/logo-qualo-orig-300.png\",\"width\":300,\"height\":90,\"caption\":\"QUALO\"},\"image\":{\"@id\":\"https:\/\/qualo.info\/#\/schema\/logo\/image\/\"},\"sameAs\":[\"https:\/\/www.facebook.com\/qualoapp\",\"https:\/\/x.com\/qualo_app\",\"https:\/\/www.instagram.com\/qualo.app\/\",\"https:\/\/www.youtube.com\/@qualoapp\"]}]}<\/script>\n<!-- \/ Yoast SEO plugin. -->","yoast_head_json":{"title":"Newsletter subscription \u2013 Register - QUALO.INFO","robots":{"index":"index","follow":"follow","max-snippet":"max-snippet:-1","max-image-preview":"max-image-preview:large","max-video-preview":"max-video-preview:-1"},"canonical":"https:\/\/qualo.info\/en\/newsletter-subscription-register\/","og_locale":"en_US","og_type":"article","og_title":"Newsletter subscription \u2013 Register - QUALO.INFO","og_description":"If you wish to receive news from QUALO you can do so by filling in the following form. MILDMAC, owner of QUALO, will use the information you provide in this form to be in contact with you and to send you updates and promotions. You can change your mind at any time by clicking on ... Read more","og_url":"https:\/\/qualo.info\/en\/newsletter-subscription-register\/","og_site_name":"QUALO.INFO","article_publisher":"https:\/\/www.facebook.com\/qualoapp","og_image":[{"url":"https:\/\/qualo.info\/wp-content\/uploads\/newsletter-qualo.png","type":"","width":"","height":""}],"twitter_card":"summary_large_image","twitter_site":"@qualo_app","twitter_misc":{"Est. reading time":"1 minute"},"schema":{"@context":"https:\/\/schema.org","@graph":[{"@type":"WebPage","@id":"https:\/\/qualo.info\/en\/newsletter-subscription-register\/","url":"https:\/\/qualo.info\/en\/newsletter-subscription-register\/","name":"Newsletter subscription \u2013 Register - QUALO.INFO","isPartOf":{"@id":"https:\/\/qualo.info\/#website"},"primaryImageOfPage":{"@id":"https:\/\/qualo.info\/en\/newsletter-subscription-register\/#primaryimage"},"image":{"@id":"https:\/\/qualo.info\/en\/newsletter-subscription-register\/#primaryimage"},"thumbnailUrl":"https:\/\/qualo.info\/wp-content\/uploads\/newsletter-qualo.png","datePublished":"2021-07-26T17:29:58+00:00","breadcrumb":{"@id":"https:\/\/qualo.info\/en\/newsletter-subscription-register\/#breadcrumb"},"inLanguage":"en-US","potentialAction":[{"@type":"ReadAction","target":["https:\/\/qualo.info\/en\/newsletter-subscription-register\/"]}]},{"@type":"ImageObject","inLanguage":"en-US","@id":"https:\/\/qualo.info\/en\/newsletter-subscription-register\/#primaryimage","url":"https:\/\/qualo.info\/wp-content\/uploads\/newsletter-qualo.png","contentUrl":"https:\/\/qualo.info\/wp-content\/uploads\/newsletter-qualo.png"},{"@type":"BreadcrumbList","@id":"https:\/\/qualo.info\/en\/newsletter-subscription-register\/#breadcrumb","itemListElement":[{"@type":"ListItem","position":1,"name":"Portada","item":"https:\/\/qualo.info\/en\/"},{"@type":"ListItem","position":2,"name":"Newsletter subscription \u2013 Register"}]},{"@type":"WebSite","@id":"https:\/\/qualo.info\/#website","url":"https:\/\/qualo.info\/","name":"QUALO.INFO","description":"APP Universal de Acceso a  Informaci\u00f3n Contextual","publisher":{"@id":"https:\/\/qualo.info\/#organization"},"potentialAction":[{"@type":"SearchAction","target":{"@type":"EntryPoint","urlTemplate":"https:\/\/qualo.info\/?s={search_term_string}"},"query-input":{"@type":"PropertyValueSpecification","valueRequired":true,"valueName":"search_term_string"}}],"inLanguage":"en-US"},{"@type":"Organization","@id":"https:\/\/qualo.info\/#organization","name":"QUALO","url":"https:\/\/qualo.info\/","logo":{"@type":"ImageObject","inLanguage":"en-US","@id":"https:\/\/qualo.info\/#\/schema\/logo\/image\/","url":"https:\/\/qualo.info\/wp-content\/uploads\/logo-qualo-orig-300.png","contentUrl":"https:\/\/qualo.info\/wp-content\/uploads\/logo-qualo-orig-300.png","width":300,"height":90,"caption":"QUALO"},"image":{"@id":"https:\/\/qualo.info\/#\/schema\/logo\/image\/"},"sameAs":["https:\/\/www.facebook.com\/qualoapp","https:\/\/x.com\/qualo_app","https:\/\/www.instagram.com\/qualo.app\/","https:\/\/www.youtube.com\/@qualoapp"]}]}},"uagb_featured_image_src":{"full":false,"thumbnail":false,"medium":false,"medium_large":false,"large":false,"1536x1536":false,"2048x2048":false},"uagb_author_info":{"display_name":"admin","author_link":"https:\/\/qualo.info\/en\/author\/ragustino\/"},"uagb_comment_info":0,"uagb_excerpt":"If you wish to receive news from QUALO you can do so by filling in the following form. MILDMAC, owner of QUALO, will use the information you provide in this form to be in contact with you and to send you updates and promotions. You can change your mind at any time by clicking on&hellip;","_links":{"self":[{"href":"https:\/\/qualo.info\/en\/wp-json\/wp\/v2\/pages\/2420","targetHints":{"allow":["GET"]}}],"collection":[{"href":"https:\/\/qualo.info\/en\/wp-json\/wp\/v2\/pages"}],"about":[{"href":"https:\/\/qualo.info\/en\/wp-json\/wp\/v2\/types\/page"}],"author":[{"embeddable":true,"href":"https:\/\/qualo.info\/en\/wp-json\/wp\/v2\/users\/1"}],"replies":[{"embeddable":true,"href":"https:\/\/qualo.info\/en\/wp-json\/wp\/v2\/comments?post=2420"}],"version-history":[{"count":1,"href":"https:\/\/qualo.info\/en\/wp-json\/wp\/v2\/pages\/2420\/revisions"}],"predecessor-version":[{"id":2421,"href":"https:\/\/qualo.info\/en\/wp-json\/wp\/v2\/pages\/2420\/revisions\/2421"}],"wp:attachment":[{"href":"https:\/\/qualo.info\/en\/wp-json\/wp\/v2\/media?parent=2420"}],"curies":[{"name":"wp","href":"https:\/\/api.w.org\/{rel}","templated":true}]}}